{"id":3,"date":"2021-11-23T10:38:02","date_gmt":"2021-11-23T10:38:02","guid":{"rendered":"https:\/\/ww2.picture-vision.com\/wh\/?page_id=3"},"modified":"2024-01-08T20:16:28","modified_gmt":"2024-01-08T20:16:28","slug":"privacy-policy","status":"publish","type":"page","link":"https:\/\/familienbetrieb-hartleb.de\/index.php\/privacy-policy\/","title":{"rendered":"Impressum &#038; Datenschutz"},"content":{"rendered":"\n<p>Inhaltlich verantwortlich: <\/p>\n\n\n\n<p>Marcel Hartleb,  Altrei\u00dfe 38b, 99334 Amt Wachsenburg OT Kirchheim, Mobil: 0174 9374987, E-Mail: <a href=\"mailto:Marcel.Hartleb@gmx.de\">Marcel.Hartleb@gmx.de<\/a><\/p>\n\n\n\n<p><\/p>\n\n\n\n<p><strong>1. Inhalt des Onlineangebotes<\/strong><br>Der Autor \u00fcbernimmt keinerlei Gew\u00e4hr f\u00fcr die Aktualit\u00e4t, Korrektheit, Vollst\u00e4ndigkeit oder Qualit\u00e4t der bereitgestellten Informationen. Haftungsanspr\u00fcche gegen den Autor, welche sich auf Sch\u00e4den materieller oder ideeller Art beziehen, die durch die Nutzung oder Nichtnutzung der dargebotenen Informationen bzw. durch die Nutzung fehlerhafter und unvollst\u00e4ndiger Informationen verursacht wurden sind grunds\u00e4tzlich ausgeschlossen, sofern seitens des Autors kein nachweislich vors\u00e4tzliches oder grob fahrl\u00e4ssiges Verschulden vorliegt. Alle Angebote sind freibleibend und unverbindlich. Der Autor beh\u00e4lt es sich ausdr\u00fccklich vor, Teile der Seiten oder das gesamte Angebot ohne gesonderte Ank\u00fcndigung zu ver\u00e4ndern, zu erg\u00e4nzen, zu l\u00f6schen oder die Ver\u00f6ffentlichung zeitweise oder endg\u00fcltig einzustellen.<\/p>\n\n\n\n<p><br><strong>2. Verweise und Links<\/strong><br>Bei direkten oder indirekten Verweisen auf fremde Internetseiten (\u201cLinks\u201d), die au\u00dferhalb des Verantwortungsbereiches des Autors liegen, w\u00fcrde eine Haftungsverpflichtung ausschlie\u00dflich in dem Fall in Kraft treten, in dem der Autor von den Inhalten Kenntnis hat und es ihm technisch m\u00f6glich und zumutbar w\u00e4re, die Nutzung im Falle rechtswidriger Inhalte zu verhindern. Der Autor erkl\u00e4rt hiermit ausdr\u00fccklich, dass zum Zeitpunkt der Linksetzung die entsprechenden verlinkten Seiten frei von illegalen Inhalten waren. Auf die aktuelle und zuk\u00fcnftige Gestaltung, die Inhalte oder die Urheberschaft der gelinkten\/verkn\u00fcpften Seiten hat der Autor keinerlei Einfluss. Deshalb distanziert er sich hiermit ausdr\u00fccklich von allen Inhalten aller gelinkten\/verkn\u00fcpften Seiten, die nach der Linksetzung ver\u00e4ndert wurden. Diese Feststellung gilt f\u00fcr alle innerhalb des eigenen Internetangebotes gesetzten Links und Verweise sowie f\u00fcr Fremdeintr\u00e4ge in vom Autor eingerichteten G\u00e4steb\u00fcchern, Diskussionsforen und Mailinglisten. F\u00fcr illegale, fehlerhafte oder unvollst\u00e4ndige Inhalte und insbesondere f\u00fcr Sch\u00e4den, die aus der Nutzung oder Nichtnutzung solcherart dargebotener Informationen entstehen, haftet allein der Anbieter der Seite, auf welche verwiesen wurde, nicht derjenige, der \u00fcber Links auf die jeweilige Ver\u00f6ffentlichung lediglich verweist.<\/p>\n\n\n\n<p><br><strong>3. Urheber- und Kennzeichenrecht<\/strong><br>Der Autor ist bestrebt, in allen Publikationen die Urheberrechte der verwendeten Grafiken, Tondokumente, Videosequenzen und Texte zu beachten, von ihm selbst erstellte Grafiken, Tondokumente, Videosequenzen und Texte zu nutzen oder auf lizenzfreie Grafiken, Tondokumente, Videosequenzen und Texte zur\u00fcckzugreifen. Alle innerhalb des Internetangebotes genannten und ggf. durch Dritte gesch\u00fctzten Marken- und Warenzeichen unterliegen uneingeschr\u00e4nkt den Bestimmungen des jeweils g\u00fcltigen Kennzeichenrechts und den Besitzrechten der jeweiligen eingetragenen Eigent\u00fcmer. Allein aufgrund der blo\u00dfen Nennung ist nicht der Schlu\u00df zu ziehen, dass Markenzeichen nicht durch Rechte Dritter gesch\u00fctzt sind! Das Copyright f\u00fcr ver\u00f6ffentlichte, vom Autor selbst erstellte Objekte bleibt allein beim Autor der Seiten. Eine Vervielf\u00e4ltigung oder Verwendung solcher Grafiken, Tondokumente, Videosequenzen und Texte in anderen elektronischen oder gedruckten Publikationen ist ohne ausdr\u00fcckliche Zustimmung des Autors nicht gestattet.<\/p>\n\n\n\n<p><br><strong>4. Downloads<\/strong><br>Sollten sie sich innerhalb dieses Internetangebotes Dateien herunterladen, so erfolgt die Nutzung der Programme\/Skripte aus unserem Download-Verzeichnis auf eigene Gefahr. F\u00fcr evtl. Sch\u00e4den an EDV-Systemen &amp; Co. \u00fcbernehmen wir keinerlei Haftung.<\/p>\n\n\n\n<p><br><strong>5. Rechtswirksamkeit dieses Haftungsausschlusses<\/strong><br>Dieser Haftungsausschluss ist als Teil des Internetangebotes zu betrachten, von dem aus auf diese Seite verwiesen wurde. Sofern Teile oder einzelne Formulierungen dieses Textes der geltenden Rechtslage nicht, nicht mehr oder nicht vollst\u00e4ndig entsprechen sollten, bleiben die \u00fcbrigen Teile des Dokumentes in ihrem Inhalt und ihrer G\u00fcltigkeit davon unber\u00fchrt.<\/p>\n\n\n\n<p><br><strong>Verantwortlich f\u00fcr den Inhalt der Website:&nbsp;<\/strong>Marcel Hartleb<br>Alle Logos, Warenzeichen, Grafiken, Downloads und Texte auf dieser Seite sind durch ihre Eigent\u00fcmer urheberrechtlich gesch\u00fctzt. Bilder und Inhalte von dieser Webseite, d\u00fcrfen nicht ohne die schriftliche Zustimmung des Eigent\u00fcmers kopiert, modifiziert oder anderweitig verfremdet werden.<\/p>\n\n\n\n<h1 class=\"wp-block-heading\">Datenschutzerkl\u00e4rung<\/h1>\n\n\n\n<p>Die Nutzung unserer Seite ist ohne eine Angabe von personenbezogenen Daten m\u00f6glich. F\u00fcr die Nutzung einzelner Services unserer Seite k\u00f6nnen sich hierf\u00fcr abweichende Regelungen ergeben, die in diesem Falle nachstehend gesondert erl\u00e4utert werden. Ihre personenbezogenen Daten (z.B. Name, Anschrift, E-Mail, Telefonnummer, u.\u00e4.) werden von uns nur gem\u00e4\u00df den Bestimmungen des deutschen Datenschutzrechts verarbeitet. Daten sind dann personenbezogen, wenn sie eindeutig einer bestimmten nat\u00fcrlichen Person zugeordnet werden k\u00f6nnen. Die rechtlichen Grundlagen des Datenschutzes finden Sie im Bundesdatenschutzgesetz (BDSG) und dem Telemediengesetz (TMG). Nachstehende Regelungen informieren Sie insoweit \u00fcber die Art, den Umfang und Zweck der Erhebung, die Nutzung und die Verarbeitung von personenbezogenen Daten durch den Anbieter<\/p>\n\n\n\n<p>Marcel Hartleb, Altrei\u00dfe 38a, 99334 Amt Wachsenburg OT Kirchheim, Mobil: 0174 9374987, E-Mail: <a href=\"mailto:Marcel.Hartleb@gmx.de\">Marcel.Hartleb@gmx.de<\/a><\/p>\n\n\n\n<p><br>Wir weisen darauf hin, dass die internetbasierte Daten\u00fcbertragung Sicherheitsl\u00fccken aufweist, ein l\u00fcckenloser Schutz vor Zugriffen durch Dritte somit unm\u00f6glich ist.<\/p>\n\n\n\n<h4 class=\"wp-block-heading\"><br>Cookies<\/h4>\n\n\n\n<p>Wir verwenden auf unserer Seite sog. Cookies zum Wiedererkennen mehrfacher Nutzung unseres Angebots, durch denselben Nutzer\/Internetanschlussinhaber. Cookies sind kleine Textdateien, die Ihr Internet-Browser auf Ihrem Rechner ablegt und speichert. Sie dienen dazu, unseren Internetauftritt und unsere Angebote zu optimieren. Es handelt sich dabei zumeist um sog. \u201eSession-Cookies\u201c, die nach dem Ende Ihres Besuches wieder gel\u00f6scht werden.<br>Teilweise geben diese Cookies jedoch Informationen ab, um Sie automatisch wieder zu erkennen. Diese Wiedererkennung erfolgt aufgrund der in den Cookies gespeicherten IP-Adresse. Die so erlangten Informationen dienen dazu, unsere Angebote zu optimieren und Ihnen einen leichteren Zugang auf unsere Seite zu erm\u00f6glichen.<br>Sie k\u00f6nnen die Installation der Cookies durch eine entsprechende Einstellung Ihres Browsers verhindern; wir weisen Sie jedoch darauf hin, dass Sie in diesem Fall gegebenenfalls nicht s\u00e4mtliche Funktionen unserer Website vollumf\u00e4nglich nutzen k\u00f6nnen.<\/p>\n\n\n\n<h4 class=\"wp-block-heading\"><br>Serverdaten<\/h4>\n\n\n\n<p>Aus technischen Gr\u00fcnden werden u.a. folgende Daten, die Ihr Internet-Browser an uns bzw. an unseren Webspace-Provider \u00fcbermittelt, erfasst (sogenannte Serverlogfiles):<\/p>\n\n\n\n<p>\u2013 Browsertyp und -version<br>\u2013 verwendetes Betriebssystem<br>\u2013 Webseite, von der aus Sie uns besuchen (Referrer URL)<br>\u2013 Webseite, die Sie besuchen<br>\u2013 Datum und Uhrzeit Ihres Zugriffs<br>\u2013 Ihre Internet Protokoll (IP)-Adresse.<\/p>\n\n\n\n<p>Diese anonymen Daten werden getrennt von Ihren eventuell angegebenen personenbezogenen Daten gespeichert und lassen so keine R\u00fcckschl\u00fcsse auf eine bestimmte Person zu. Sie werden zu statistischen Zwecken ausgewertet, um unseren Internetauftritt und unsere Angebote optimieren zu k\u00f6nnen.<\/p>\n\n\n\n<h4 class=\"wp-block-heading\"><br>Kontaktm\u00f6glichkeit<\/h4>\n\n\n\n<p>Wir bieten Ihnen auf unserer Seite die M\u00f6glichkeit, mit uns per E-Mail und\/oder \u00fcber ein Kontaktformular in Verbindung zu treten. In diesem Fall werden die vom Nutzer gemachten Angaben zum Zwecke der Bearbeitung seiner Kontaktaufnahme gespeichert. Eine Weitergabe an Dritte erfolgt nicht. Ein Abgleich der so erhobenen Daten mit Daten, die m\u00f6glicherweise durch andere Komponenten unserer Seite erhoben werden, erfolgt ebenfalls nicht.<\/p>\n\n\n\n<h4 class=\"wp-block-heading\"><br>Einsatz von Google-Analytics mit Anonymisierungsfunktion<\/h4>\n\n\n\n<p>Wir setzen auf unserer Seite Google-Analytics, einen Webanalysedienst der Firma Google Inc., 1600 Amphitheatre Parkway, Mountain View, CA 94043 USA, nachfolgend \u201eGoogle\u201c ein. Google-Analytics verwendet sog. \u201eCookies\u201c, Textdateien, die auf Ihrem Computer gespeichert werden und hierdurch eine Analyse der Benutzung der Website durch Sie erm\u00f6glichen.<\/p>\n\n\n\n<p>Die durch diese Cookies erzeugten Informationen, beispielsweise Zeit, Ort und H\u00e4ufigkeit Ihres Webseiten-Besuchs einschlie\u00dflich Ihrer IP-Adresse, werden an Google in den USA \u00fcbertragen und dort gespeichert.<\/p>\n\n\n\n<p>Wir verwenden auf unserer Website Google-Analytics mit einer IP-Anonymisierungsfunktion. Ihre IP-Adresse wird in diesem Fall von Google schon innerhalb von Mitgliedstaaten der Europ\u00e4ischen Union oder in anderen Vertragsstaaten des Abkommens \u00fcber den Europ\u00e4ischen Wirtschaftsraum gek\u00fcrzt und dadurch anonymisiert.<\/p>\n\n\n\n<p>Google wird diese Informationen benutzen, um Ihre Nutzung unserer Seite auszuwerten, um Reports \u00fcber die Websiteaktivit\u00e4ten f\u00fcr uns zusammenzustellen und um weitere mit der Websitenutzung und der Internetnutzung verbundene Dienstleistungen zu erbringen. Auch wird Google diese Informationen gegebenenfalls an Dritte \u00fcbertragen, sofern dies gesetzlich vorgeschrieben oder soweit Dritte diese Daten im Auftrag von Google verarbeiten.<\/p>\n\n\n\n<p>Google wird, nach eigenen Angaben, in keinem Fall Ihre IP-Adresse mit anderen Daten von Google in Verbindung bringen. Sie k\u00f6nnen die Installation der Cookies durch eine entsprechende Einstellung Ihrer Browser-Software verhindern; wir weisen Sie jedoch darauf hin, dass Sie in diesem Fall gegebenenfalls nicht s\u00e4mtliche Funktionen unserer Website vollumf\u00e4nglich nutzen k\u00f6nnen.<\/p>\n\n\n\n<p>Des Weiteren bietet Google f\u00fcr die g\u00e4ngigsten Browser eine Deaktivierungsoption an, welche Ihnen mehr Kontrolle dar\u00fcber gibt, welche Daten von Google erfasst und verarbeitet werden. Sollte Sie diese Option aktivieren, werden keine Informationen zum Website-Besuch an Google Analytics \u00fcbermittelt. Die Aktivierung verhindert aber nicht, dass Informationen an uns oder an andere von uns gegebenenfalls eingesetzte Webanalyse-Services \u00fcbermittelt werden. Weitere Informationen zu der von Google bereitgestellten Deaktivierungsoption sowie zu der Aktivierung dieser Option, erhalten Sie \u00fcber nachfolgenden Link:&nbsp;<a href=\"https:\/\/tools.google.com\/dlpage\/gaoptout?hl=de\" rel=\"noreferrer noopener\" target=\"_blank\">https:\/\/tools.google.com\/dlpage\/gaoptout?hl=de<\/a><\/p>\n\n\n\n<h4 class=\"wp-block-heading\">&nbsp;<\/h4>\n\n\n\n<h4 class=\"wp-block-heading\">Einsatz von Google-Maps<\/h4>\n\n\n\n<p>Wir setzen auf unserer Seite die Komponente \u201eGoogle Maps\u201c der Firma Google Inc., 1600 Amphitheatre Parkway, Mountain View, CA 94043 USA, nachfolgend \u201eGoogle\u201c, ein.<\/p>\n\n\n\n<p>Bei jedem einzelnen Aufruf der Komponente \u201eGoogle Maps\u201c wird von Google ein Cookie gesetzt, um bei der Anzeige der Seite, auf der die Komponente \u201eGoogle Maps\u201c integriert ist, Nutzereinstellungen und -daten zu verarbeiten. Dieses Cookie wird im Regelfall nicht durch das Schlie\u00dfen des Browsers gel\u00f6scht, sondern l\u00e4uft nach einer bestimmten Zeit ab, soweit es nicht von Ihnen zuvor manuell gel\u00f6scht wird.<\/p>\n\n\n\n<p>Wenn Sie mit dieser Verarbeitung Ihrer Daten nicht einverstanden sind, so besteht die M\u00f6glichkeit, den Service von \u201eGoogle Maps\u201c zu deaktivieren und auf diesem Weg die \u00dcbertragung von Daten an Google zu verhindern. Dazu m\u00fcssen Sie die Java-Script-Funktion in Ihrem Browser deaktivieren. Wir weisen Sie jedoch darauf hin, dass Sie in diesem Fall die \u201eGoogle Maps\u201c nicht oder nur eingeschr\u00e4nkt nutzen k\u00f6nnen.<\/p>\n\n\n\n<p>Die Nutzung von \u201eGoogle Maps\u201c und der \u00fcber \u201eGoogle Maps\u201c erlangten Informationen erfolgt gem\u00e4\u00df den&nbsp;Google-Nutzungsbedingungen<\/p>\n\n\n\n<p><a rel=\"noreferrer noopener\" href=\"http:\/\/www.google.de\/intl\/de\/policies\/terms\/regional.html\" target=\"_blank\">http:\/\/www.google.de\/intl\/de\/policies\/terms\/regional.html<\/a>&nbsp;sowie der zus\u00e4tzlichen&nbsp;Gesch\u00e4ftsbedingungen f\u00fcr \u201eGoogle Maps\u201c<\/p>\n\n\n\n<h4 class=\"wp-block-heading\">Einsatz von Google-Adwords<\/h4>\n\n\n\n<p>Wir setzen zur Bewerbung unserer Website ferner das Google Werbetool \u201eGoogle-Adwords\u201c ein. Im Rahmen dessen verwenden wir auf unserer Website den Analysedienst \u201eConversion-Tracking\u201c der Firma Google Inc., 1600 Amphitheatre Parkway, Mountain View, CA 94043 USA, nachfolgend \u201eGoogle\u201c. Sofern Sie \u00fcber eine Google-Anzeige auf unsere Webseite gelangt sind, wird ein Cookie auf Ihrem Rechner abgelegt. Cookies sind kleine Textdateien, die Ihr Internet-Browser auf Ihrem Rechner ablegt und speichert. Diese sog. \u201eConversion- Cookies\u201c verlieren nach 30 Tagen ihre G\u00fcltigkeit und dienen nicht Ihrer pers\u00f6nlichen Identifikation. Besuchen Sie bestimmte Seiten unserer Website und das Cookie ist noch nicht abgelaufen, k\u00f6nnen wir und Google erkennen, dass Sie als Nutzer auf eine unserer bei Google platzierten Anzeigen geklickt haben und zu unserer Seite weitergeleitet wurden.<\/p>\n\n\n\n<p>Die mit Hilfe der \u201eConversion-Cookies\u201c eingeholten Informationen dienen Google dazu, Besuchs-Statistiken f\u00fcr unsere Website zu erstellen. Wir erfahren durch diese Statistik die Gesamtanzahl der Nutzer, die auf unsere Anzeige geklickt haben und zudem welche Seiten unserer Website vom jeweiligen Nutzer im Anschluss aufgerufen wurden. Wir bzw. andere \u00fcber \u201eGoogle-Adwords\u201c Werbende erhalten jedoch keinerlei Informationen, mit denen sich Nutzer pers\u00f6nlich identifizieren lassen.<\/p>\n\n\n\n<p>Sie k\u00f6nnen die Installation der \u201eConversion-Cookies\u201c durch eine entsprechende Einstellung Ihres Browsers verhindern, etwa per Browser-Einstellung, die das automatische Setzen von Cookies generell deaktiviert oder speziell nur die Cookies von der Domain \u201egoogleadservices.com\u201c blockiert.<\/p>\n\n\n\n<p>Die diesbez\u00fcgliche Datenschutzerkl\u00e4rung von Google erhalten Sie unter nachfolgendem Link:&nbsp;<a href=\"https:\/\/services.google.com\/sitestats\/de.html\" rel=\"noreferrer noopener\" target=\"_blank\">https:\/\/services.google.com\/sitestats\/de.html<\/a><\/p>\n\n\n\n<h3 class=\"wp-block-heading\"><br>Auskunft\/Widerruf\/L\u00f6schung<\/h3>\n\n\n\n<p>Sie k\u00f6nnen sich aufgrund des Bundesdatenschutzgesetzes bei Fragen zur Erhebung, Verarbeitung oder Nutzung Ihrer personenbezogenen Daten und deren Berichtigung, Sperrung, L\u00f6schung oder einem Widerruf einer erteilten Einwilligung unentgeltlich an uns wenden. Wir weisen darauf hin, dass Ihnen ein Recht auf Berichtigung falscher Daten oder L\u00f6schung personenbezogener Daten zusteht, sollte diesem Anspruch keine gesetzliche Aufbewahrungspflicht entgegenstehen.<br>&nbsp;<\/p>\n\n\n\n<p><a href=\"https:\/\/www.ratgeberrecht.eu\/leistungen\/muster-datenschutzerklaerung.html\" rel=\"noreferrer noopener\" target=\"_blank\">Muster-Datenschutzerkl\u00e4rung<\/a>&nbsp;der&nbsp;<a href=\"https:\/\/www.ratgeberrecht.eu\/\" rel=\"noreferrer noopener\" target=\"_blank\">Anwaltskanzlei Wei\u00df &amp; Partner<\/a><\/p>\n","protected":false},"excerpt":{"rendered":"<p>Inhaltlich verantwortlich: Marcel Hartleb, Altrei\u00dfe 38b, 99334 Amt Wachsenburg OT Kirchheim, Mobil: 0174 9374987, E-Mail: Marcel.Hartleb@gmx.de 1. Inhalt des OnlineangebotesDer Autor \u00fcbernimmt keinerlei Gew\u00e4hr f\u00fcr &hellip;<\/p>\n","protected":false},"author":1,"featured_media":0,"parent":0,"menu_order":5,"comment_status":"closed","ping_status":"closed","template":"","meta":{"footnotes":""},"_links":{"self":[{"href":"https:\/\/familienbetrieb-hartleb.de\/index.php\/wp-json\/wp\/v2\/pages\/3"}],"collection":[{"href":"https:\/\/familienbetrieb-hartleb.de\/index.php\/wp-json\/wp\/v2\/pages"}],"about":[{"href":"https:\/\/familienbetrieb-hartleb.de\/index.php\/wp-json\/wp\/v2\/types\/page"}],"author":[{"embeddable":true,"href":"https:\/\/familienbetrieb-hartleb.de\/index.php\/wp-json\/wp\/v2\/users\/1"}],"replies":[{"embeddable":true,"href":"https:\/\/familienbetrieb-hartleb.de\/index.php\/wp-json\/wp\/v2\/comments?post=3"}],"version-history":[{"count":3,"href":"https:\/\/familienbetrieb-hartleb.de\/index.php\/wp-json\/wp\/v2\/pages\/3\/revisions"}],"predecessor-version":[{"id":198,"href":"https:\/\/familienbetrieb-hartleb.de\/index.php\/wp-json\/wp\/v2\/pages\/3\/revisions\/198"}],"wp:attachment":[{"href":"https:\/\/familienbetrieb-hartleb.de\/index.php\/wp-json\/wp\/v2\/media?parent=3"}],"curies":[{"name":"wp","href":"https:\/\/api.w.org\/{rel}","templated":true}]}}