{"id":8,"date":"2021-11-23T16:27:54","date_gmt":"2021-11-23T16:27:54","guid":{"rendered":"https:\/\/ww2.picture-vision.com\/wh\/?page_id=8"},"modified":"2023-10-12T15:16:28","modified_gmt":"2023-10-12T15:16:28","slug":"willkommen","status":"publish","type":"page","link":"https:\/\/familienbetrieb-hartleb.de\/","title":{"rendered":"Home"},"content":{"rendered":"\n<h2 class=\"wp-block-heading\" id=\"herzlich-willkommen\">Herzlich willkommen!<\/h2>\n\n\n\n<p>Im Familienbetrieb z\u00fcchten wir Galloway-Rinder und Gefl\u00fcgel und vermarkten Wild aus heimischen Revieren. <\/p>\n\n\n\n<p><\/p>\n\n\n\n<p>Auf den folgenden Seiten erfahren Sie mehr \u00fcber unser Angebot. <\/p>\n\n\n\n<figure class=\"wp-block-image size-full\"><img loading=\"lazy\" decoding=\"async\" width=\"1017\" height=\"675\" src=\"https:\/\/ww2.picture-vision.com\/wh\/wp-content\/uploads\/2021\/12\/about.jpg\" alt=\"\" class=\"wp-image-75\" srcset=\"https:\/\/familienbetrieb-hartleb.de\/wp-content\/uploads\/2021\/12\/about.jpg 1017w, https:\/\/familienbetrieb-hartleb.de\/wp-content\/uploads\/2021\/12\/about-300x199.jpg 300w, https:\/\/familienbetrieb-hartleb.de\/wp-content\/uploads\/2021\/12\/about-768x510.jpg 768w, https:\/\/familienbetrieb-hartleb.de\/wp-content\/uploads\/2021\/12\/about-380x252.jpg 380w\" sizes=\"(max-width: 1017px) 100vw, 1017px\" \/><\/figure>\n","protected":false},"excerpt":{"rendered":"<p>Herzlich willkommen! Im Familienbetrieb z\u00fcchten wir Galloway-Rinder und Gefl\u00fcgel und vermarkten Wild aus heimischen Revieren. Auf den folgenden Seiten erfahren Sie mehr \u00fcber unser Angebot.<\/p>\n","protected":false},"author":1,"featured_media":189,"parent":0,"menu_order":0,"comment_status":"closed","ping_status":"closed","template":"","meta":{"footnotes":""},"_links":{"self":[{"href":"https:\/\/familienbetrieb-hartleb.de\/index.php\/wp-json\/wp\/v2\/pages\/8"}],"collection":[{"href":"https:\/\/familienbetrieb-hartleb.de\/index.php\/wp-json\/wp\/v2\/pages"}],"about":[{"href":"https:\/\/familienbetrieb-hartleb.de\/index.php\/wp-json\/wp\/v2\/types\/page"}],"author":[{"embeddable":true,"href":"https:\/\/familienbetrieb-hartleb.de\/index.php\/wp-json\/wp\/v2\/users\/1"}],"replies":[{"embeddable":true,"href":"https:\/\/familienbetrieb-hartleb.de\/index.php\/wp-json\/wp\/v2\/comments?post=8"}],"version-history":[{"count":14,"href":"https:\/\/familienbetrieb-hartleb.de\/index.php\/wp-json\/wp\/v2\/pages\/8\/revisions"}],"predecessor-version":[{"id":190,"href":"https:\/\/familienbetrieb-hartleb.de\/index.php\/wp-json\/wp\/v2\/pages\/8\/revisions\/190"}],"wp:featuredmedia":[{"embeddable":true,"href":"https:\/\/familienbetrieb-hartleb.de\/index.php\/wp-json\/wp\/v2\/media\/189"}],"wp:attachment":[{"href":"https:\/\/familienbetrieb-hartleb.de\/index.php\/wp-json\/wp\/v2\/media?parent=8"}],"curies":[{"name":"wp","href":"https:\/\/api.w.org\/{rel}","templated":true}]}}